{"id":8,"date":"2016-08-04T08:17:34","date_gmt":"2016-08-04T08:17:34","guid":{"rendered":"http:\/\/www.kokonniementennis.fi\/?page_id=8"},"modified":"2026-03-02T07:15:59","modified_gmt":"2026-03-02T07:15:59","slug":"activities","status":"publish","type":"page","link":"https:\/\/www.kokonniementennis.fi\/?page_id=8","title":{"rendered":"Ajanvaraus"},"content":{"rendered":"<p><div class=\"fusion-fullwidth fullwidth-box fusion-builder-row-1 nonhundred-percent-fullwidth non-hundred-percent-height-scrolling\" style=\"background-color: rgba(255,255,255,0);background-position: center center;background-repeat: no-repeat;padding-top:0px;padding-right:0px;padding-bottom:0px;padding-left:0px;margin-bottom: 0px;margin-top: 0px;border-width: 0px 0px 0px 0px;border-color:#f7f7f7;border-style:solid;\" ><div class=\"fusion-builder-row fusion-row\"><div class=\"fusion-layout-column fusion_builder_column fusion-builder-column-0 fusion_builder_column_1_1 1_1 fusion-one-full fusion-column-first fusion-column-last\" style=\"margin-top:15px;margin-bottom:15px;\"><div class=\"fusion-column-wrapper fusion-flex-column-wrapper-legacy\" style=\"background-position:left top;background-repeat:no-repeat;-webkit-background-size:cover;-moz-background-size:cover;-o-background-size:cover;background-size:cover;padding: 0px 0px 0px 0px;\"><div class=\"fusion-sep-clear\"><\/div><div class=\"fusion-separator fusion-full-width-sep\" style=\"margin-left: auto;margin-right: auto;width:100%;\"><\/div><div class=\"fusion-sep-clear\"><\/div><div class=\"fusion-text fusion-text-1\"><h6 style=\"text-align: center;\">VARAA VUOROSI NETIST\u00c4<\/h6>\n<\/div><div class=\"fusion-sep-clear\"><\/div><div class=\"fusion-separator fusion-full-width-sep\" style=\"margin-left: auto;margin-right: auto;width:100%;\"><\/div><div class=\"fusion-sep-clear\"><\/div><div class=\"fusion-text fusion-text-2\"><hr \/>\n<\/div><div class=\"fusion-clearfix\"><\/div><\/div><\/div><\/div><\/div><div class=\"fusion-fullwidth fullwidth-box fusion-builder-row-2 nonhundred-percent-fullwidth non-hundred-percent-height-scrolling\" style=\"background-color: rgba(255,255,255,0);background-position: left top;background-repeat: no-repeat;padding-top:4%;padding-right:0px;padding-bottom:6%;padding-left:0px;margin-bottom: 0px;margin-top: 0px;border-width: 0px 0px 0px 0px;border-color:#f7f7f7;border-style:solid;\" ><div class=\"fusion-builder-row fusion-row\"><div class=\"fusion-layout-column fusion_builder_column fusion-builder-column-1 fusion_builder_column_1_6 1_6 fusion-one-sixth fusion-column-first fusion-no-small-visibility\" style=\"width:16.666666666667%;width:calc(16.666666666667% - ( ( 4% + 4% ) * 0.16666666666667 ) );margin-right: 4%;margin-top:15px;margin-bottom:15px;\"><div class=\"fusion-column-wrapper fusion-flex-column-wrapper-legacy\" style=\"background-position:left top;background-repeat:no-repeat;-webkit-background-size:cover;-moz-background-size:cover;-o-background-size:cover;background-size:cover;padding: 0px 0px 0px 0px;\"><div class=\"fusion-clearfix\"><\/div><\/div><\/div><div class=\"fusion-layout-column fusion_builder_column fusion-builder-column-2 fusion_builder_column_2_3 2_3 fusion-two-third fusion-animated\" style=\"width:66.666666666667%;width:calc(66.666666666667% - ( ( 4% + 4% ) * 0.66666666666667 ) );margin-right: 4%;margin-top:40px;margin-bottom:70px;\" data-animationType=\"fadeInDown\" data-animationDuration=\"1.0\" data-animationOffset=\"top-into-view\"><div class=\"fusion-column-wrapper fusion-flex-column-wrapper-legacy\" style=\"background-position:left top;background-repeat:no-repeat;-webkit-background-size:cover;-moz-background-size:cover;-o-background-size:cover;background-size:cover;padding: 0px 0px 0px 0px;\"><div class=\"fusion-text fusion-text-3\"><h3 style=\"text-align: left;\">Ajanvaraus<\/h3>\n<\/div><div class=\"fusion-text fusion-text-4\"><h4><\/h4>\n<h4 style=\"text-align: left;\"><strong>Varausehdot<\/strong><\/h4>\n<h6 style=\"text-align: left;\"><\/h6>\n<p style=\"text-align: left;\">Varaukset tehd\u00e4\u00e4n varausj\u00e4rjestelm\u00e4n kautta ja vuoron varaaminen edellytt\u00e4\u00e4 rekister\u00f6itymist\u00e4. Vapaita vuoroja voi selata my\u00f6s ilman tunnuksia. Vuorot maksetaan varauksen yhteydess\u00e4, paikan p\u00e4\u00e4ll\u00e4 ei ole mahdollista maksaa.<\/p>\n<p style=\"text-align: left;\">Vuorot perutaan ja laitetaan myyntiin varausj\u00e4rjestelm\u00e4n kautta kohdasta &#8221;omat vuorot&#8221;. Peruessasi vuoron viimeist\u00e4\u00e4n 12h ennen vuoron alkua, saat maksetun summan saldollesi ja voit k\u00e4ytt\u00e4\u00e4 sit\u00e4 tulevien vuorojen maksamiseen. Peruessasi vuoron my\u00f6hemmin kuin 12h ennen vuoron alkua, saat maksetun summan saldollesi vain, jos joku k\u00e4ytt\u00e4\u00e4 perutun vuoron.<\/p>\n<p style=\"text-align: left;\">Huom! Halliin p\u00e4\u00e4set sis\u00e4\u00e4n varauksen yhteydess\u00e4 saatavalla koodilla. Koodi on varausvahvistuksessa, joka l\u00e4hetet\u00e4\u00e4n automaattisesti s\u00e4hk\u00f6postilla. Jos et saanut vahvistusta, ota yhteytt\u00e4. Valot syttyv\u00e4t automaattisesti 5min ennen vuoron alkua ja sammuvat 5min vuoron j\u00e4lkeen, jos muita varauksia ei ole.<\/p>\n<h5 style=\"text-align: left;\"><span style=\"color: #88929e;\">Vakiovuorojen varaus numerosta 040 580 3104 tai info@kokonniementennis.fi<\/span><\/h5>\n<p>Irtovuorojen varaukset varausj\u00e4rjestelm\u00e4n kautta.<\/p>\n<p>Ongelmatilanteissa, ota yhteytt\u00e4.<\/p>\n<\/div><div class=\"fusion-sep-clear\"><\/div><div class=\"fusion-separator fusion-full-width-sep\" style=\"margin-left: auto;margin-right: auto;margin-top:30px;width:100%;\"><\/div><div class=\"fusion-sep-clear\"><\/div><div class=\"fusion-text fusion-text-5\"><p style=\"text-align: left;\"><strong>Liikuntaedulla maksaminen:<\/strong><\/p>\n<p><strong>Smartum ja ePassi:<\/strong> Kirjaudu tilillesi, avaa v\u00e4lilehti &#8221;omat tiedot&#8221; ja klikkaa kohdassa &#8221;saldon lataaminen&#8221; joko ePassin tai smartumin logoa. T\u00e4t\u00e4 kautta lataamasi summa tallentuu suoraan saldollesi. T\u00e4m\u00e4n j\u00e4lkeen voit varausta tehdess\u00e4si k\u00e4ytt\u00e4\u00e4 saldoa vuoron maksuun.<\/p>\n<p>Saldon talletuksia ei palauteta pankkitilille, vaan ne tulee k\u00e4ytt\u00e4\u00e4 pelivuorojen maksuihin.<\/p>\n<p><b>Edenred:\u00a0<\/b>Tee maksu Edenredill\u00e4 Kokonniemen Tenniskeskus Oy:lle, ilmoita maksusta s\u00e4hk\u00f6postitse ja kuittaamme kun summa on siirretty saldollesi. T\u00e4m\u00e4n j\u00e4lkeen voit k\u00e4ytt\u00e4\u00e4 saldoa vuorojen maksamiseen.<\/p>\n<p><strong><span class=\"s6\">Liikuntasetelit:<\/span><\/strong><span class=\"s3\"> Jos sinulla on Smartumin tai Epassin liikuntaseteleit\u00e4, ota yhteytt\u00e4.<\/span><\/p>\n<\/div><div class=\"fusion-sep-clear\"><\/div><div class=\"fusion-separator fusion-full-width-sep\" style=\"margin-left: auto;margin-right: auto;margin-top:30px;width:100%;\"><\/div><div class=\"fusion-sep-clear\"><\/div><div class=\"fusion-sep-clear\"><\/div><div class=\"fusion-separator fusion-full-width-sep\" style=\"margin-left: auto;margin-right: auto;margin-top:30px;width:100%;\"><\/div><div class=\"fusion-sep-clear\"><\/div><div class=\"fusion-button-wrapper\"><style>.fusion-button.button-1 .fusion-button-text,.fusion-button.button-1 i{color:#4ad575;}.fusion-button.button-1{border-color:#4ad575;border-radius:2px 2px 2px 2px;background:rgba(74,213,117,0.15);}.fusion-button.button-1:hover .fusion-button-text,.fusion-button.button-1:hover i,.fusion-button.button-1:focus .fusion-button-text,.fusion-button.button-1:focus i,.fusion-button.button-1:active .fusion-button-text,.fusion-button.button-1:active i{color:#ffffff;}.fusion-button.button-1:hover,.fusion-button.button-1:active,.fusion-button.button-1:focus{border-color:#ffffff;background:#55e381;}<\/style><a class=\"fusion-button button-flat fusion-button-default-size button-custom button-1 fusion-button-default-span fusion-button-default-type\" target=\"_blank\" rel=\"noopener noreferrer\" href=\"https:\/\/kokonniementennis.cintoia.com\"><span class=\"fusion-button-text\">VARAA TUNTISI T\u00c4\u00c4LT\u00c4<\/span><i class=\"fa-angle-right fas button-icon-right\" aria-hidden=\"true\"><\/i><\/a><\/div><div class=\"fusion-sep-clear\"><\/div><div class=\"fusion-separator fusion-full-width-sep\" style=\"margin-left: auto;margin-right: auto;margin-top:30px;width:100%;\"><\/div><div class=\"fusion-sep-clear\"><\/div><div class=\"fusion-text fusion-text-6\"><h4><\/h4>\n<hr \/>\n<h4><strong>Kausi 2025-2026 &#8211; \u00a011.8.2025 &#8211; 31.5.2026 \u00a0&#8211; \u00a0Irtovuorot &#8211; alv.13,5%<\/strong><\/h4>\n<hr \/>\n<h4><\/h4>\n<h6>Tennis<\/h6>\n<p>Ma-pe \u00a0 \u00a0 6.30 &#8211; 14.30 \u00a0 \u00a0 16,50e<\/p>\n<p>Ma-pe \u00a0 \u00a0 14.30 &#8211; 21.30 \u00a0 \u00a029,00e<\/p>\n<p>Ma-pe \u00a0 \u00a0 21.30 &#8211; 23.30 \u00a0 23,00e<\/p>\n<p>La-su \u00a0 \u00a0 \u00a0 29,00e<\/p>\n<p>&#8212;&#8212;&#8212;&#8212;&#8212;&#8212;&#8212;&#8212;&#8212;&#8212;&#8212;&#8212;&#8212;&#8212;&#8212;&#8212;-<\/p>\n<h6>Sulkapallo<\/h6>\n<p>Ma-pe \u00a0 \u00a0 6.30 &#8211; 14.30 \u00a0 \u00a0 14,50e<\/p>\n<p>Ma-pe \u00a0 \u00a0 14.30 &#8211; 21.30 \u00a0 \u00a019,00e<\/p>\n<p>Ma-pe \u00a0 \u00a0 21.30 &#8211; 23.30 \u00a0 15,50e<\/p>\n<p>La-su \u00a0 \u00a0 \u00a0 19,00e<\/p>\n<p>&#8212;&#8212;&#8212;&#8212;&#8212;&#8212;&#8212;&#8212;&#8212;&#8212;&#8212;&#8212;&#8212;&#8212;&#8212;&#8212;-<\/p>\n<h6>Squash<\/h6>\n<p>Ma-pe \u00a0 \u00a0 6.30 &#8211; 14.30 \u00a0 \u00a0 12,50e<\/p>\n<p>Ma-pe \u00a0 \u00a0 14.30 &#8211; 21.30 \u00a0 \u00a018,50e<\/p>\n<p>Ma-pe \u00a0 \u00a0 21.30 &#8211; 23.30 \u00a0 15,50e<\/p>\n<p>La-su \u00a0 \u00a0 \u00a0 12,50e<\/p>\n<\/div><div class=\"fusion-fa-align-center\"><i class=\"fb-icon-element-1 fb-icon-element fontawesome-icon fa fa-ellipsis-h circle-no\" style=\"font-size:14px;margin-bottom:25px;\"><\/i><\/div><style>i.fb-icon-element.fontawesome-icon.fb-icon-element-1{ color: #4ad575;}i.fb-icon-element.fontawesome-icon.fb-icon-element-1:hover { color: #4ad575;}<\/style><div class=\"fusion-sep-clear\"><\/div><div class=\"fusion-separator fusion-full-width-sep\" style=\"margin-left: auto;margin-right: auto;width:100%;\"><\/div><div class=\"fusion-sep-clear\"><\/div><div class=\"fusion-button-wrapper\"><style>.fusion-button.button-2 .fusion-button-text,.fusion-button.button-2 i{color:#4ad575;}.fusion-button.button-2{border-color:#4ad575;border-radius:2px 2px 2px 2px;background:rgba(74,213,117,0.15);}.fusion-button.button-2:hover .fusion-button-text,.fusion-button.button-2:hover i,.fusion-button.button-2:focus .fusion-button-text,.fusion-button.button-2:focus i,.fusion-button.button-2:active .fusion-button-text,.fusion-button.button-2:active i{color:#ffffff;}.fusion-button.button-2:hover,.fusion-button.button-2:active,.fusion-button.button-2:focus{border-color:#ffffff;background:#55e381;}<\/style><a class=\"fusion-button button-flat fusion-button-default-size button-custom button-2 fusion-button-default-span fusion-button-default-type\" target=\"_blank\" rel=\"noopener noreferrer\" href=\"https:\/\/kokonniementennis.cintoia.com\"><span class=\"fusion-button-text\">VARAA TUNTISI T\u00c4\u00c4LT\u00c4<\/span><i class=\"fa-angle-right fas button-icon-right\" aria-hidden=\"true\"><\/i><\/a><\/div><div class=\"fusion-sep-clear\"><\/div><div class=\"fusion-separator fusion-full-width-sep\" style=\"margin-left: auto;margin-right: auto;width:100%;\"><\/div><div class=\"fusion-sep-clear\"><\/div><div class=\"fusion-clearfix\"><\/div><\/div><\/div><div class=\"fusion-layout-column fusion_builder_column fusion-builder-column-3 fusion_builder_column_1_6 1_6 fusion-one-sixth fusion-column-last fusion-no-small-visibility\" style=\"width:16.666666666667%;width:calc(16.666666666667% - ( ( 4% + 4% ) * 0.16666666666667 ) );margin-top:15px;margin-bottom:15px;\"><div class=\"fusion-column-wrapper fusion-flex-column-wrapper-legacy\" style=\"background-position:left top;background-repeat:no-repeat;-webkit-background-size:cover;-moz-background-size:cover;-o-background-size:cover;background-size:cover;padding: 0px 0px 0px 0px;\"><div class=\"fusion-clearfix\"><\/div><\/div><\/div><\/div><\/div><\/p>\n","protected":false},"excerpt":{"rendered":"","protected":false},"author":1,"featured_media":0,"parent":0,"menu_order":0,"comment_status":"closed","ping_status":"closed","template":"100-width.php","meta":{"footnotes":""},"class_list":["post-8","page","type-page","status-publish","hentry"],"_links":{"self":[{"href":"https:\/\/www.kokonniementennis.fi\/index.php?rest_route=\/wp\/v2\/pages\/8","targetHints":{"allow":["GET"]}}],"collection":[{"href":"https:\/\/www.kokonniementennis.fi\/index.php?rest_route=\/wp\/v2\/pages"}],"about":[{"href":"https:\/\/www.kokonniementennis.fi\/index.php?rest_route=\/wp\/v2\/types\/page"}],"author":[{"embeddable":true,"href":"https:\/\/www.kokonniementennis.fi\/index.php?rest_route=\/wp\/v2\/users\/1"}],"replies":[{"embeddable":true,"href":"https:\/\/www.kokonniementennis.fi\/index.php?rest_route=%2Fwp%2Fv2%2Fcomments&post=8"}],"version-history":[{"count":128,"href":"https:\/\/www.kokonniementennis.fi\/index.php?rest_route=\/wp\/v2\/pages\/8\/revisions"}],"predecessor-version":[{"id":12909,"href":"https:\/\/www.kokonniementennis.fi\/index.php?rest_route=\/wp\/v2\/pages\/8\/revisions\/12909"}],"wp:attachment":[{"href":"https:\/\/www.kokonniementennis.fi\/index.php?rest_route=%2Fwp%2Fv2%2Fmedia&parent=8"}],"curies":[{"name":"wp","href":"https:\/\/api.w.org\/{rel}","templated":true}]}}