{"id":2,"date":"2016-07-31T01:32:30","date_gmt":"2016-07-31T01:32:30","guid":{"rendered":"http:\/\/www.kokonniementennis.fi\/?page_id=2"},"modified":"2026-01-08T09:23:04","modified_gmt":"2026-01-08T09:23:04","slug":"home-2","status":"publish","type":"page","link":"https:\/\/www.kokonniementennis.fi\/","title":{"rendered":"Etusivu"},"content":{"rendered":"<p><div class=\"fusion-fullwidth fullwidth-box fusion-builder-row-1 nonhundred-percent-fullwidth non-hundred-percent-height-scrolling\" style=\"background-color: rgba(255,255,255,0);background-position: center center;background-repeat: no-repeat;padding-top:0px;padding-right:0px;padding-bottom:0px;padding-left:0px;margin-bottom: 0px;margin-top: 0px;border-width: 0px 0px 0px 0px;border-color:#f7f7f7;border-style:solid;\" ><div class=\"fusion-builder-row fusion-row\"><div class=\"fusion-layout-column fusion_builder_column fusion-builder-column-0 fusion_builder_column_1_1 1_1 fusion-one-full fusion-column-first fusion-column-last\" style=\"margin-top:15px;margin-bottom:15px;\"><div class=\"fusion-column-wrapper fusion-flex-column-wrapper-legacy\" style=\"background-position:left top;background-repeat:no-repeat;-webkit-background-size:cover;-moz-background-size:cover;-o-background-size:cover;background-size:cover;padding: 0px 0px 0px 0px;\"><div class=\"fusion-sep-clear\"><\/div><div class=\"fusion-separator fusion-full-width-sep\" style=\"margin-left: auto;margin-right: auto;width:100%;\"><\/div><div class=\"fusion-sep-clear\"><\/div><div class=\"fusion-text fusion-text-1\"><h4 style=\"text-align: center;\"><a href=\"https:\/\/kokonniementennis.cintoia.com\" target=\"_blank\" rel=\"noopener\">VARAA VUORO T\u00c4\u00c4LT\u00c4!<\/a><\/h4>\n<\/div><div class=\"fusion-sep-clear\"><\/div><div class=\"fusion-separator fusion-full-width-sep\" style=\"margin-left: auto;margin-right: auto;width:100%;\"><\/div><div class=\"fusion-sep-clear\"><\/div><div class=\"fusion-text fusion-text-2\"><hr \/>\n<\/div><div class=\"fusion-clearfix\"><\/div><\/div><\/div><\/div><\/div><div class=\"fusion-fullwidth fullwidth-box fusion-builder-row-2 nonhundred-percent-fullwidth non-hundred-percent-height-scrolling\" style=\"background-color: rgba(255,255,255,0);background-position: center center;background-repeat: no-repeat;padding-top:0px;padding-right:0px;padding-bottom:0px;padding-left:0px;margin-bottom: 0px;margin-top: 0px;border-width: 0px 0px 0px 0px;border-color:#f7f7f7;border-style:solid;\" ><div class=\"fusion-builder-row fusion-row\"><div class=\"fusion-layout-column fusion_builder_column fusion-builder-column-1 fusion_builder_column_3_4 3_4 fusion-three-fourth fusion-column-first\" style=\"width:75%;width:calc(75% - ( ( 4% ) * 0.75 ) );margin-right: 4%;margin-top:15px;margin-bottom:15px;\"><div class=\"fusion-column-wrapper fusion-flex-column-wrapper-legacy\" style=\"background-position:left top;background-repeat:no-repeat;-webkit-background-size:cover;-moz-background-size:cover;-o-background-size:cover;background-size:cover;padding: 0px 0px 0px 0px;\"><div class=\"fusion-text fusion-text-3\"><h4><strong>AJANKOHTAISTA<\/strong><\/h4>\n<\/div><div class=\"fusion-sep-clear\"><\/div><div class=\"fusion-separator fusion-full-width-sep\" style=\"margin-left: auto;margin-right: auto;margin-top:20px;margin-bottom:20px;width:100%;\"><\/div><div class=\"fusion-sep-clear\"><\/div><div class=\"fusion-text fusion-text-4\"><p><span style=\"color: #000000;\"><span style=\"caret-color: #000000;\"><b>Kev\u00e4tkausi 2.1 &#8211; 31.5 2026<\/b><\/span><\/span><\/p>\n<p>Kev\u00e4tkausi alkaa 2.1. Katso vapaat vuorot alta.<\/p>\n<\/div><div class=\"fusion-sep-clear\"><\/div><div class=\"fusion-separator fusion-full-width-sep\" style=\"margin-left: auto;margin-right: auto;margin-top:20px;margin-bottom:20px;width:100%;\"><\/div><div class=\"fusion-sep-clear\"><\/div><div class=\"fusion-sep-clear\"><\/div><div class=\"fusion-separator fusion-full-width-sep\" style=\"margin-left: auto;margin-right: auto;margin-top:20px;margin-bottom:20px;width:100%;\"><\/div><div class=\"fusion-sep-clear\"><\/div><div class=\"fusion-text fusion-text-5\"><hr \/>\n<h6>ARKI-ILTOJEN JA VIIKONLOPPUJEN VAPAAT VAKIOVUOROT<\/h6>\n<p>Huom. Arkisin klo 6.30 &#8211; 15.30 v\u00e4lill\u00e4 sek\u00e4 21.30-23.30 l\u00f6ytyy vapaita vuoroja \u00a0paremmin, niit\u00e4 ei ole t\u00e4ss\u00e4 listattu. Irtovuorojen osalta tilanteen voit tarkistaa t\u00e4\u00e4lt\u00e4: <a href=\"https:\/\/kokonniementennis.cintoia.com\" target=\"_blank\" rel=\"noopener\">Irtovuorojen varaus<\/a><\/p>\n<p><strong><em>Tennis<\/em><\/strong><\/p>\n<ul>\n<li>Ma\/Ti\/Ke 15.30-16.30<\/li>\n<li>Ke 16.30-17.30<\/li>\n<li>La 7.30-8.30<\/li>\n<li>La 8.00-9.00<\/li>\n<li>La 9.00-10.00<\/li>\n<li>Su 8.30-9.30<\/li>\n<li>Su 12.30-13.30<\/li>\n<li>Su 13.30-14.30<\/li>\n<li>Su 14.30-15.30<\/li>\n<li>Su 19.30-20.30<\/li>\n<li>Su 20.30-21.30<\/li>\n<\/ul>\n<p><strong><em>Sulkapallo<\/em><\/strong><\/p>\n<ul>\n<li>Ma\/Ti\/Ke 15.30-16.30<\/li>\n<li>Ma 19.30-20.30<\/li>\n<li>Ti 16.30 &#8211; 17.30<\/li>\n<li>Ti 18.30 &#8211; 19.30<\/li>\n<li>Ti 20.30 &#8211; 21.30<\/li>\n<li>Ke 18.30-19.30<\/li>\n<li>To 19.30 &#8211; 20.30<\/li>\n<li>To 20.30 &#8211; 21.30<\/li>\n<li>La 7.30 &#8211; 8.30<\/li>\n<li>La 8.00 &#8211; 9.00<\/li>\n<li>La 9.00-10.00<\/li>\n<li>Su 8.30-9.30<\/li>\n<li>Su 13.30-14.30<\/li>\n<li>Su 14.30-15.30<\/li>\n<li>Su 19.30-20.30<\/li>\n<li>Su 20.30-21.30<\/li>\n<\/ul>\n<p>(P\u00e4ivitetty 7.1.2026)<\/p>\n<\/div><div class=\"fusion-sep-clear\"><\/div><div class=\"fusion-separator fusion-full-width-sep\" style=\"margin-left: auto;margin-right: auto;margin-top:20px;margin-bottom:20px;width:100%;\"><\/div><div class=\"fusion-sep-clear\"><\/div><div class=\"fusion-text fusion-text-6\"><hr \/>\n<h6>MYYNNISS\u00c4 OLEVAT TENNISOSAKKEET<\/h6>\n<ul>\n<li>Keskiviikko 16.30 &#8211; 17.30<\/li>\n<li>Perjantai 20.30 &#8211; 21.30<\/li>\n<li>Sunnuntai 12.30 &#8211; 13.30<\/li>\n<\/ul>\n<p>(p\u00e4ivitetty 3.1.2026)<\/p>\n<p>Kysy lis\u00e4\u00e4 puh. 040 580 3104 tai s-posti: info@kokonniementennis.fi<\/p>\n<\/div><div class=\"fusion-clearfix\"><\/div><\/div><\/div><\/div><\/div><div class=\"fusion-fullwidth fullwidth-box fusion-builder-row-3 hundred-percent-fullwidth non-hundred-percent-height-scrolling\" style=\"background-color: rgba(255,255,255,0);background-position: center center;background-repeat: no-repeat;padding-top:0px;padding-right:0px;padding-bottom:0px;padding-left:0px;margin-bottom: 0px;margin-top: 0px;border-width: 0px 0px 0px 0px;border-color:#f7f7f7;border-style:solid;\" ><div class=\"fusion-builder-row fusion-row\"><div class=\"fusion-layout-column fusion_builder_column fusion-builder-column-2 fusion_builder_column_1_1 1_1 fusion-one-full fusion-column-first fusion-column-last\" style=\"margin-top:15px;margin-bottom:15px;\"><div class=\"fusion-column-wrapper fusion-flex-column-wrapper-legacy\" style=\"background-position:left top;background-repeat:no-repeat;-webkit-background-size:cover;-moz-background-size:cover;-o-background-size:cover;background-size:cover;padding: 0px 0px 0px 0px;\"><span class=\" fusion-imageframe imageframe-none imageframe-1 hover-type-none\"><img decoding=\"async\" width=\"2000\" height=\"700\" title=\"verkko\" src=\"http:\/\/www.kokonniementennis.fi\/wp-content\/uploads\/2019\/08\/verkko.jpg\" alt class=\"img-responsive wp-image-12301\" srcset=\"https:\/\/www.kokonniementennis.fi\/wp-content\/uploads\/2019\/08\/verkko-200x70.jpg 200w, https:\/\/www.kokonniementennis.fi\/wp-content\/uploads\/2019\/08\/verkko-400x140.jpg 400w, https:\/\/www.kokonniementennis.fi\/wp-content\/uploads\/2019\/08\/verkko-600x210.jpg 600w, https:\/\/www.kokonniementennis.fi\/wp-content\/uploads\/2019\/08\/verkko-800x280.jpg 800w, https:\/\/www.kokonniementennis.fi\/wp-content\/uploads\/2019\/08\/verkko-1200x420.jpg 1200w, https:\/\/www.kokonniementennis.fi\/wp-content\/uploads\/2019\/08\/verkko.jpg 2000w\" sizes=\"(max-width: 1000px) 100vw, 1200px\" \/><\/span><div class=\"fusion-clearfix\"><\/div><\/div><\/div><\/div><\/div><\/p>\n","protected":false},"excerpt":{"rendered":"","protected":false},"author":1,"featured_media":0,"parent":0,"menu_order":0,"comment_status":"closed","ping_status":"open","template":"100-width.php","meta":{"footnotes":""},"class_list":["post-2","page","type-page","status-publish","hentry"],"_links":{"self":[{"href":"https:\/\/www.kokonniementennis.fi\/index.php?rest_route=\/wp\/v2\/pages\/2","targetHints":{"allow":["GET"]}}],"collection":[{"href":"https:\/\/www.kokonniementennis.fi\/index.php?rest_route=\/wp\/v2\/pages"}],"about":[{"href":"https:\/\/www.kokonniementennis.fi\/index.php?rest_route=\/wp\/v2\/types\/page"}],"author":[{"embeddable":true,"href":"https:\/\/www.kokonniementennis.fi\/index.php?rest_route=\/wp\/v2\/users\/1"}],"replies":[{"embeddable":true,"href":"https:\/\/www.kokonniementennis.fi\/index.php?rest_route=%2Fwp%2Fv2%2Fcomments&post=2"}],"version-history":[{"count":331,"href":"https:\/\/www.kokonniementennis.fi\/index.php?rest_route=\/wp\/v2\/pages\/2\/revisions"}],"predecessor-version":[{"id":12907,"href":"https:\/\/www.kokonniementennis.fi\/index.php?rest_route=\/wp\/v2\/pages\/2\/revisions\/12907"}],"wp:attachment":[{"href":"https:\/\/www.kokonniementennis.fi\/index.php?rest_route=%2Fwp%2Fv2%2Fmedia&parent=2"}],"curies":[{"name":"wp","href":"https:\/\/api.w.org\/{rel}","templated":true}]}}