{"id":6,"date":"2016-08-04T08:17:13","date_gmt":"2016-08-04T08:17:13","guid":{"rendered":"http:\/\/www.kokonniementennis.fi\/?page_id=6"},"modified":"2026-03-02T07:19:05","modified_gmt":"2026-03-02T07:19:05","slug":"facilities-5","status":"publish","type":"page","link":"http:\/\/www.kokonniementennis.fi\/?page_id=6","title":{"rendered":"Tenniskeskus"},"content":{"rendered":"<div class=\"fusion-fullwidth fullwidth-box fusion-builder-row-1 nonhundred-percent-fullwidth non-hundred-percent-height-scrolling\" style=\"background-color: rgba(255,255,255,0);background-position: center center;background-repeat: no-repeat;padding-top:0px;padding-right:0px;padding-bottom:0px;padding-left:0px;margin-bottom: 0px;margin-top: 0px;border-width: 0px 0px 0px 0px;border-color:#f7f7f7;border-style:solid;\" ><div class=\"fusion-builder-row fusion-row\"><div class=\"fusion-layout-column fusion_builder_column fusion-builder-column-0 fusion_builder_column_1_1 1_1 fusion-one-full fusion-column-first fusion-column-last\" style=\"margin-top:15px;margin-bottom:15px;\"><div class=\"fusion-column-wrapper fusion-flex-column-wrapper-legacy\" style=\"background-position:left top;background-repeat:no-repeat;-webkit-background-size:cover;-moz-background-size:cover;-o-background-size:cover;background-size:cover;padding: 0px 0px 0px 0px;\"><div class=\"fusion-sep-clear\"><\/div><div class=\"fusion-separator fusion-full-width-sep\" style=\"margin-left: auto;margin-right: auto;width:100%;\"><\/div><div class=\"fusion-sep-clear\"><\/div><div class=\"fusion-text fusion-text-1\"><h6 style=\"text-align: center;\" data-fontsize=\"17\" data-lineheight=\"18\">PELAAMINEN, KENT\u00c4T JA PALVELUT<\/h6>\n<\/div><div class=\"fusion-sep-clear\"><\/div><div class=\"fusion-separator fusion-full-width-sep\" style=\"margin-left: auto;margin-right: auto;width:100%;\"><\/div><div class=\"fusion-sep-clear\"><\/div><div class=\"fusion-text fusion-text-2\"><hr \/>\n<\/div><div class=\"fusion-builder-row fusion-builder-row-inner fusion-row\"><div class=\"fusion-layout-column fusion_builder_column_inner fusion-builder-nested-column-0 fusion_builder_column_inner_3_5 3_5 fusion-three-fifth fusion-column-first\" style=\"width:60%;width:calc(60% - ( ( 4% ) * 0.6 ) );margin-right: 4%;margin-top:15px;margin-bottom:15px;\"><div class=\"fusion-column-wrapper fusion-flex-column-wrapper-legacy\" style=\"background-position:left top;background-repeat:no-repeat;-webkit-background-size:cover;-moz-background-size:cover;-o-background-size:cover;background-size:cover;padding: 0px 0px 0px 0px;\"><span class=\" fusion-imageframe imageframe-none imageframe-1 hover-type-none\"><img decoding=\"async\" width=\"1000\" height=\"600\" title=\"tenniskentt\u00e4\" src=\"http:\/\/www.kokonniementennis.fi\/wp-content\/uploads\/2019\/08\/tenniskentt\u00e4-1.jpg\" alt class=\"img-responsive wp-image-12356\" srcset=\"http:\/\/www.kokonniementennis.fi\/wp-content\/uploads\/2019\/08\/tenniskentt\u00e4-1-200x120.jpg 200w, http:\/\/www.kokonniementennis.fi\/wp-content\/uploads\/2019\/08\/tenniskentt\u00e4-1-400x240.jpg 400w, http:\/\/www.kokonniementennis.fi\/wp-content\/uploads\/2019\/08\/tenniskentt\u00e4-1-600x360.jpg 600w, http:\/\/www.kokonniementennis.fi\/wp-content\/uploads\/2019\/08\/tenniskentt\u00e4-1-800x480.jpg 800w, http:\/\/www.kokonniementennis.fi\/wp-content\/uploads\/2019\/08\/tenniskentt\u00e4-1.jpg 1000w\" sizes=\"(max-width: 1000px) 100vw, 800px\" \/><\/span><div class=\"fusion-sep-clear\"><\/div><div class=\"fusion-separator fusion-full-width-sep\" style=\"margin-left: auto;margin-right: auto;margin-top:30px;margin-bottom:30px;width:100%;\"><div class=\"fusion-separator-border sep-single sep-solid\" style=\"border-color:#eeeeee;border-top-width:1px;\"><\/div><\/div><div class=\"fusion-sep-clear\"><\/div><div class=\"fusion-clearfix\"><\/div><\/div><\/div><div class=\"fusion-layout-column fusion_builder_column_inner fusion-builder-nested-column-1 fusion_builder_column_inner_1_3 1_3 fusion-one-third fusion-column-last\" style=\"width:33.333333333333%;width:calc(33.333333333333% - ( ( 4% ) * 0.33333333333333 ) );margin-top:15px;margin-bottom:15px;\"><div class=\"fusion-column-wrapper fusion-flex-column-wrapper-legacy\" style=\"background-position:left top;background-repeat:no-repeat;-webkit-background-size:cover;-moz-background-size:cover;-o-background-size:cover;background-size:cover;padding: 0px 0px 0px 0px;\"><div class=\"fusion-text fusion-text-3\"><h6>Yleist\u00e4<\/h6>\n<p>Hallissa on 2 tenniskentt\u00e4\u00e4, 8 sulkapallokentt\u00e4\u00e4 sek\u00e4 3 squashkentt\u00e4\u00e4. Vuoron voit varata joko netiss\u00e4 varausj\u00e4rjestelm\u00e4st\u00e4 tai puhelimitse. Sis\u00e4\u00e4n p\u00e4\u00e4see vuoron varauksen yhteydess\u00e4 saatavalla ovikoodilla, jos henkil\u00f6kuntaa ei ole paikalla.<\/p>\n<p>Tennist\u00e4 ja sulkapalloa pelataan samoilla kentill\u00e4. Sulkapalloverkot sek\u00e4 rullattavat tolpat l\u00f6ytyv\u00e4t tenniskenttien p\u00e4\u00e4dyist\u00e4 verhojen takaa. Sulkapallovuoron varaaja pystytt\u00e4\u00e4 kent\u00e4n vuoron alussa ja purkaa vuoron p\u00e4\u00e4tytty\u00e4. Sulkapallokenttien rajat on merkitty kentt\u00e4\u00e4n mustin viivoin.<\/p>\n<\/div><div class=\"fusion-clearfix\"><\/div><\/div><\/div><\/div><div class=\"fusion-text fusion-text-4\"><h6>Palvelut<\/h6>\n<p>-Pelaajien k\u00e4yt\u00f6ss\u00e4 on pukuhuoneet, joista l\u00f6ytyy suihkutilat. Ei lukittavia kaappeja, eli otathan arvotavarat mukaan kent\u00e4lle.<\/p>\n<p>-Ei v\u00e4linevuokrausta.<\/p>\n<p>&#8212;&#8212;&#8212;&#8212;&#8212;&#8212;&#8212;&#8212;&#8212;&#8212;&#8212;&#8212;&#8212;&#8212;&#8212;&#8212;&#8212;&#8212;&#8212;&#8212;&#8212;&#8212;&#8212;&#8212;&#8212;&#8212;&#8212;&#8212;&#8212;&#8212;&#8212;&#8211;<\/p>\n<h6>Kokonniemen Tenniskeskuksessa toimivat my\u00f6s:<\/h6>\n<p>Tennis-Pekka \u00a0(Pekalta my\u00f6s mailojen j\u00e4nnitykset)<\/p>\n<p><a href=\"https:\/\/www.porvoontennis.fi\/\" target=\"_blank\" rel=\"noopener noreferrer\">Porvoon Verkkopalloseura ry \/ Borg\u00e5 tennisklubb rf<\/a><\/p>\n<p><a href=\"https:\/\/pomps.sporttisaitti.com\/\" target=\"_blank\" rel=\"noopener noreferrer\">Porvoon Mailapeliseura, PompS<\/a><\/p>\n<p><a href=\"https:\/\/bcbporvoo.fi\" target=\"_blank\" rel=\"noopener\">Badminton Club Backhand ry<\/a><\/p>\n<\/div><div class=\"fusion-sep-clear\"><\/div><div class=\"fusion-separator fusion-full-width-sep\" style=\"margin-left: auto;margin-right: auto;width:100%;\"><div class=\"fusion-separator-border sep-single sep-solid\" style=\"border-color:#eeeeee;border-top-width:1px;\"><\/div><\/div><div class=\"fusion-sep-clear\"><\/div><div class=\"fusion-clearfix\"><\/div><\/div><\/div><\/div><\/div>\n","protected":false},"excerpt":{"rendered":"","protected":false},"author":1,"featured_media":0,"parent":0,"menu_order":0,"comment_status":"closed","ping_status":"closed","template":"100-width.php","meta":{"footnotes":""},"class_list":["post-6","page","type-page","status-publish","hentry"],"_links":{"self":[{"href":"http:\/\/www.kokonniementennis.fi\/index.php?rest_route=\/wp\/v2\/pages\/6","targetHints":{"allow":["GET"]}}],"collection":[{"href":"http:\/\/www.kokonniementennis.fi\/index.php?rest_route=\/wp\/v2\/pages"}],"about":[{"href":"http:\/\/www.kokonniementennis.fi\/index.php?rest_route=\/wp\/v2\/types\/page"}],"author":[{"embeddable":true,"href":"http:\/\/www.kokonniementennis.fi\/index.php?rest_route=\/wp\/v2\/users\/1"}],"replies":[{"embeddable":true,"href":"http:\/\/www.kokonniementennis.fi\/index.php?rest_route=%2Fwp%2Fv2%2Fcomments&post=6"}],"version-history":[{"count":82,"href":"http:\/\/www.kokonniementennis.fi\/index.php?rest_route=\/wp\/v2\/pages\/6\/revisions"}],"predecessor-version":[{"id":12910,"href":"http:\/\/www.kokonniementennis.fi\/index.php?rest_route=\/wp\/v2\/pages\/6\/revisions\/12910"}],"wp:attachment":[{"href":"http:\/\/www.kokonniementennis.fi\/index.php?rest_route=%2Fwp%2Fv2%2Fmedia&parent=6"}],"curies":[{"name":"wp","href":"https:\/\/api.w.org\/{rel}","templated":true}]}}